{"id":941,"date":"2018-06-13T12:07:39","date_gmt":"2018-06-13T10:07:39","guid":{"rendered":"http:\/\/www.imkerverein-freising.de\/?page_id=941"},"modified":"2024-03-26T07:30:40","modified_gmt":"2024-03-26T06:30:40","slug":"datenschutzerklaerung","status":"publish","type":"page","link":"https:\/\/www.imkerverein-freising.de\/?page_id=941","title":{"rendered":"Datenschutzerkl\u00e4rung"},"content":{"rendered":"<h4>Datenschutzerkl\u00e4rung<\/h4>\n<p>Die Imkerverein Freising e.V. nimmt den Schutz Ihrer pers\u00f6nlichen Daten sehr ernst und h\u00e4lt sich strikt an die Regeln der Datenschutzgesetze. Personenbezogene Daten werden auf dieser Webseite nur im technisch notwendigen Umfang erhoben. In keinem Fall werden die erhobenen Daten verkauft oder aus anderen Gr\u00fcnden an Dritte weitergegeben.<\/p>\n<p>Die nachfolgende Erkl\u00e4rung gibt Ihnen einen \u00dcberblick dar\u00fcber, wie wir diesen Schutz gew\u00e4hrleisten und welche Art von Daten zu welchem Zweck erhoben werden.<\/p>\n<p>Bedenken Sie, dass die Daten\u00fcbertragung im Internet grunds\u00e4tzlich mit Sicherheitsl\u00fccken bedacht sein kann. Ein vollumf\u00e4nglicher Schutz vor dem Zugriff durch Fremde ist nicht realisierbar.<\/p>\n<h4>Zugriffsdaten<\/h4>\n<p>Im Zuge Ihres Besuchs unserer Webseite erheben wir Daten \u00fcber Zugriffe auf die Seite und speichern diese als \u201eServer-Logfiles\u201c ab. Folgende Daten werden protokolliert:<\/p>\n<ul>\n<li>Datum und Uhrzeit des Aufrufs,<\/li>\n<li>Name der abgerufenen Website,<\/li>\n<li>Meldung \u00fcber erfolgreichen Abruf (Statuscode),<\/li>\n<li>\u00fcbertragene Datenmenge,<\/li>\n<li>verwendete Browsersoftware, inklusive Version, (sog. User Agent) die von Ihnen zuvor besuchte Website (sog. Referrer URL) sowie<\/li>\n<li>die IP-Adresse in anonymisierter Form<\/li>\n<\/ul>\n<p>Diese Daten werden ausschlie\u00dflich zur Verbesserung unseres Angebotes ausgewertet und erlauben keinerlei R\u00fcckschl\u00fcsse auf Ihre Person. Der Websitebetreiber beh\u00e4lt sich allerdings vor, die Server-Logfiles nachtr\u00e4glich zu \u00fcberpr\u00fcfen, sollten konkrete Anhaltspunkte auf eine rechtswidrige Nutzung hinweisen.<\/p>\n<h4>Umgang mit personenbezogenen Daten<\/h4>\n<p>Eine Erhebung, Verarbeitung und Speicherung Ihrer pers\u00f6nlichen Daten erfolgt nur, wenn Sie uns diese freiwillig mitgeteilt haben, z. B. f\u00fcr die Verarbeitung von Vertr\u00e4gen, Bestellung von Informationsmaterial oder Newsletter oder wenn Sie uns \u00fcber unser Online-Kontaktformular kontaktieren. Dabei nutzen wir ihre Daten nur im gesetzlich erlaubten Rahmen, oder wenn Sie in die Datenerhebung einwilligen (Art. 6 Abs. 1 DSGVO).<\/p>\n<p>Als personenbezogene Daten gelten s\u00e4mtliche Informationen, welche dazu dienen, Ihre Person zu bestimmen und welche zu Ihnen zur\u00fcckverfolgt werden k\u00f6nnen \u2013 also beispielsweise Ihr Name, Ihre E-Mail-Adresse und Telefonnummer.<\/p>\n<h4>Cookies<\/h4>\n<p>Die Internetseiten verwenden teilweise so genannte Cookies. Cookies richten auf Ihrem Rechner keinen Schaden an und enthalten keine Viren. Cookies dienen dazu, unser Angebot nutzerfreundlicher, effektiver und sicherer zu machen. Cookies sind kleine Textdateien, die auf Ihrem Rechner abgelegt werden und die Ihr Browser speichert.<\/p>\n<p>Die meisten der von uns verwendeten Cookies sind so genannte \u201eSession-Cookies\u201c. Sie werden nach Ende Ihres Besuchs automatisch gel\u00f6scht. Andere Cookies bleiben auf Ihrem Endger\u00e4t gespeichert, bis Sie diese l\u00f6schen. Diese Cookies erm\u00f6glichen es uns, Ihren Browser beim n\u00e4chsten Besuch wiederzuerkennen. Sofern durch einzelne von uns implementierte Cookies auch personenbezogene Daten verarbeitet werden, erfolgt die Verarbeitung gem\u00e4\u00df Art. 6 Abs. 1 lit. f DSGVO zur Wahrung unserer berechtigten Interessen an der bestm\u00f6glichen Funktionalit\u00e4t der Website sowie einer kundenfreundlichen und effektiven Ausgestaltung des Seitenbesuchs.<\/p>\n<p>Sie k\u00f6nnen Ihren Browser so einstellen, dass Sie \u00fcber das Setzen von Cookies informiert werden und Cookies nur im Einzelfall erlauben, die Annahme von Cookies f\u00fcr bestimmte F\u00e4lle oder generell ausschlie\u00dfen sowie das automatische L\u00f6schen der Cookies beim Schlie\u00dfen des Browser aktivieren. Bei der Deaktivierung von Cookies kann die Funktionalit\u00e4t dieser Website eingeschr\u00e4nkt sein.<\/p>\n<h4>Umgang mit Kontaktdaten<\/h4>\n<p>Wenn Sie uns per Kontaktformular Anfragen zukommen lassen, werden Ihre Angaben aus dem Anfrageformular inklusive der von Ihnen dort angegebenen Kontaktdaten zwecks Bearbeitung der Anfrage und f\u00fcr den Fall von Anschlussfragen bei uns gespeichert. Diese Daten geben wir nicht ohne Ihre Einwilligung weiter.<\/p>\n<p>Die Verarbeitung der in das Kontaktformular eingegebenen Daten erfolgt somit ausschlie\u00dflich auf Grundlage Ihrer Einwilligung (Art. 6 Abs. 1 lit. a DSGVO). Sie k\u00f6nnen diese Einwilligung jederzeit widerrufen. Dazu reicht eine formlose Mitteilung per E-Mail an uns. Die Rechtm\u00e4\u00dfigkeit der bis zum Widerruf erfolgten Datenverarbeitungsvorg\u00e4nge bleibt vom Widerruf unber\u00fchrt.<\/p>\n<p>Die von Ihnen im Kontaktformular eingegebenen Daten verbleiben bei uns, bis Sie uns zur L\u00f6schung auffordern, Ihre Einwilligung zur Speicherung widerrufen oder der Zweck f\u00fcr die Datenspeicherung entf\u00e4llt (z. B. nach abgeschlossener Bearbeitung Ihrer Anfrage). Zwingende gesetzliche Bestimmungen \u2013 insbesondere Aufbewahrungsfristen \u2013 bleiben unber\u00fchrt.<\/p>\n<p>Nehmen Sie per E-Mail Verbindung mit uns auf, speichern wir Ihre Angaben zur Bearbeitung und Beantwortung Ihrer Anfragen. Ohne Ihre Einwilligung werden diese Daten nicht an Dritte weitergegeben.<\/p>\n<h4>Erhalt von Info- und Werbemails<\/h4>\n<p>Als Kunde oder Interessent haben Sie die M\u00f6glichkeit von uns Informations- und Werbemails zu Veranstaltungen und aktuellen Themen zu erhalten. Dabei wird Ihre Einwilligung (Art. 6 Abs. 1 lit. a DSGVO) zu diesen Mails per double Opt-In Verfahren eingeholt.<\/p>\n<p>Sie haben jederzeit die M\u00f6glichkeit diese Einwilligung zu widerrufen. Hierf\u00fcr steht Ihnen in jeder E-Mail die Funktion \u201eAbbestellen\u201c zur Verf\u00fcgung, alternativ k\u00f6nnen Sie uns auch eine E-Mail mit Ihrem Widerruf zusenden.<\/p>\n<h4>Links<\/h4>\n<p>Die Internetseite der Imkerverein Freising e.V. kann Links zu anderen Anbietern enthalten, auf die sich unsere Datenschutzbestimmungen nicht erstrecken.<\/p>\n<h4>Verantwortliche Stelle<\/h4>\n<p>Verantwortliche Stelle f\u00fcr die Erhebung, Verarbeitung und Nutzung Ihrer personenbezogenen Daten im Sinne der DSGVO ist:<\/p>\n<p>Datenschutz Imkerverein Freising e.V.<\/p>\n<p>Viktoria Schmidt<\/p>\n<p>Weinmillerstr. 11<\/p>\n<p>85356 Freising<\/p>\n<p>email: <a href=\"mailto:vorstand1@imkerverein-freising.de\">vorstand1@imkerverein-freising.de<\/a><\/p>\n<p>Verantwortliche Stelle ist die nat\u00fcrliche oder juristische Person, die allein oder gemeinsam mit anderen \u00fcber die Zwecke und Mittel der Verarbeitung von personenbezogenen Daten (z.B. Namen, E-Mail-Adressen o. \u00c4.) entscheidet.<\/p>\n<h4>Rechte des Betroffenen<\/h4>\n<p>Als Betroffener gew\u00e4hrt Ihnen das geltende Datenschutzrecht umfassende Betroffenenrechte, \u00fcber die wir Sie nachstehend informieren:<\/p>\n<p><u>Auskunftsrecht (Artikel 15 DSGVO)<\/u><\/p>\n<p><strong>Sie haben das Recht auf Auskunft \u00fcber alle von uns verarbeiteten personenbezogenen Daten, die Verarbeitungszwecke, die Empf\u00e4nger, gegen\u00fcber denen Ihre Daten offengelegt wurden oder werden, die geplante Speicherdauer bzw. Kriterien f\u00fcr deren Festlegung sowie<\/strong> Herkunft Ihrer Daten, wenn diese nicht durch uns bei Ihnen erhoben wurden.<\/p>\n<p>Weiter haben Sie das Recht auf L\u00f6schung, Einschr\u00e4nkung der Verarbeitung, Widerspruch gegen die Verarbeitung sowie ein Beschwerderecht bei einer Aufsichtsbeh\u00f6rde.<\/p>\n<p><u>Recht auf Berichtigung (Artikel 16 DSGVO)<\/u><\/p>\n<p>Sie haben jederzeit das Recht auf Berichtigung bzw. Vervollst\u00e4ndigung der \u00fcber Sie bei uns gespeicherten Informationen.<\/p>\n<p><u>Recht auf L\u00f6schung (Artikel 17 DSGVO)<\/u><\/p>\n<p>Sie haben das Recht auf L\u00f6schung Ihrer Daten bei Vorliegen der Voraussetzungen des Art. 17 Abs. 1 DSGVO zu verlangen. Dieses Recht besteht jedoch insbesondere dann nicht, wenn die Verarbeitung zur Aus\u00fcbung des Rechts auf freie Meinungs\u00e4u\u00dferung und Information, zur Erf\u00fcllung einer rechtlichen Verpflichtung, aus Gr\u00fcnden des \u00f6ffentlichen Interesses oder zur Geltendmachung, Aus\u00fcbung oder Verteidigung von Rechtsanspr\u00fcchen erforderlich ist.<\/p>\n<p><u>Recht auf Einschr\u00e4nkung (Artikel 18 DSGVO)<\/u><\/p>\n<p>Sie haben das Recht eine Einschr\u00e4nkung der Verarbeitung Ihrer Daten zu verlangen, sollten Zweifel an der Richtigkeit Ihrer Daten bestehen, die Verarbeitung unrechtm\u00e4\u00dfig ist, oder Ihre Daten nicht mehr l\u00e4nger f\u00fcr die Zwecke der Verarbeitung ben\u00f6tigt werden.<\/p>\n<p><u>Recht auf Unterrichtung (Artikel 19 DSGVO)<\/u><\/p>\n<p>Haben Sie das Recht auf Berichtigung, L\u00f6schung oder Einschr\u00e4nkung der Verarbeitung gemacht, sind wir verpflichtet, allen Empf\u00e4ngern, denen wir Sie betreffenden personenbezogene Daten offengelegt haben, diese Berichtigung oder L\u00f6schung der Daten oder Einschr\u00e4nkung der Verarbeitung mitzuteilen, es sei denn, dies erweist sich als unm\u00f6glich oder ist mit einem unverh\u00e4ltnism\u00e4\u00dfigen Aufwand verbunden. Ihnen steht das Recht zu, \u00fcber diese Empf\u00e4nger unterrichtet zu werden.<\/p>\n<p><u>Recht auf Daten\u00fcbertragbarkeit (Art. 20 DSGVO)<\/u><\/p>\n<p>Sie haben das Recht, Ihre personenbezogenen Daten, die Sie uns bereitgestellt haben, in einem strukturierten, g\u00e4ngigen und maschinenlesebaren Format zu erhalten oder die \u00dcbermittlung an einen anderen Verantwortlichen zu verlangen, soweit dies technisch machbar ist.<\/p>\n<p><u>Recht auf Widerruf erteilter Einwilligung (Artikel 7 Abs. 3 DSGVO)<\/u><\/p>\n<p>Sie haben jederzeit das Recht, eine einmal erteilte Einwilligung in die Verarbeitung von Daten jederzeit mit Wirkung f\u00fcr die Zukunft zu widerrufen. Im Falle Ihres Widerrufs werden wir die betroffenen Daten unverz\u00fcglich l\u00f6schen, sofern dies keinen gesetzlichen Aufbewahrungsfristen entgegensteht oder eine weitere Verarbeitung nicht auf eine Rechtsgrundlage zur einwilligungslosen Verarbeitung gest\u00fctzt werden kann. Durch den Widerruf der Einwilligung wird die Rechtm\u00e4\u00dfigkeit, der bis zum Widerruf erfolgten Verarbeitung nicht ber\u00fchrt.<\/p>\n<p><u>Recht auf Beschwerde (Artikel 77 DSGVO)<\/u><\/p>\n<p>Wenn Sie der Ansicht sind, dass die Verarbeitung der Sie betreffenden personenbezogenen Daten gegen die DSGVO verst\u00f6\u00dft, haben Sie das Recht auf Beschwerde bei einer Aufsichtsbeh\u00f6rde, insbesondere in dem Mitgliedstaat Ihres Aufenthaltsortes, Ihres Arbeitsplatzes oder des Ortes des mutma\u00dflichen Versto\u00dfes.<\/p>\n","protected":false},"excerpt":{"rendered":"<p>Datenschutzerkl\u00e4rung Die Imkerverein Freising e.V. nimmt den Schutz Ihrer pers\u00f6nlichen Daten sehr ernst und h\u00e4lt sich strikt an die Regeln der Datenschutzgesetze. Personenbezogene Daten werden auf dieser Webseite nur im technisch notwendigen Umfang erhoben. In keinem Fall werden die erhobenen &hellip; <a class=\"more-link\" href=\"https:\/\/www.imkerverein-freising.de\/?page_id=941\">Weiterlesen <span class=\"meta-nav\">&rarr;<\/span><\/a><\/p>\n","protected":false},"author":1,"featured_media":0,"parent":0,"menu_order":0,"comment_status":"closed","ping_status":"closed","template":"","meta":{"footnotes":""},"class_list":["post-941","page","type-page","status-publish","hentry"],"jetpack_sharing_enabled":true,"_links":{"self":[{"href":"https:\/\/www.imkerverein-freising.de\/index.php?rest_route=\/wp\/v2\/pages\/941","targetHints":{"allow":["GET"]}}],"collection":[{"href":"https:\/\/www.imkerverein-freising.de\/index.php?rest_route=\/wp\/v2\/pages"}],"about":[{"href":"https:\/\/www.imkerverein-freising.de\/index.php?rest_route=\/wp\/v2\/types\/page"}],"author":[{"embeddable":true,"href":"https:\/\/www.imkerverein-freising.de\/index.php?rest_route=\/wp\/v2\/users\/1"}],"replies":[{"embeddable":true,"href":"https:\/\/www.imkerverein-freising.de\/index.php?rest_route=%2Fwp%2Fv2%2Fcomments&post=941"}],"version-history":[{"count":4,"href":"https:\/\/www.imkerverein-freising.de\/index.php?rest_route=\/wp\/v2\/pages\/941\/revisions"}],"predecessor-version":[{"id":1215,"href":"https:\/\/www.imkerverein-freising.de\/index.php?rest_route=\/wp\/v2\/pages\/941\/revisions\/1215"}],"wp:attachment":[{"href":"https:\/\/www.imkerverein-freising.de\/index.php?rest_route=%2Fwp%2Fv2%2Fmedia&parent=941"}],"curies":[{"name":"wp","href":"https:\/\/api.w.org\/{rel}","templated":true}]}}