{"id":823,"date":"2017-06-18T20:48:48","date_gmt":"2017-06-18T18:48:48","guid":{"rendered":"http:\/\/www.imkerverein-freising.de\/?page_id=823"},"modified":"2018-11-22T23:21:01","modified_gmt":"2018-11-22T22:21:01","slug":"excel-sheet-kalibrierung-refraktometer","status":"publish","type":"page","link":"https:\/\/www.imkerverein-freising.de\/?page_id=823","title":{"rendered":"Kalibriertabelle Refraktometer"},"content":{"rendered":"<p>Wie Stefan Menzinger (Imkerfreund 11\/2016, Seite 23 und 12\/2016, Seite 10) zeigen konnte, liefern nicht alle Refraktometer genaue Messwerte. Die Steigung der Refraktometerskala kann mit zwei unterschiedlichen Justierfl\u00fcssigkeiten \u00fcberpr\u00fcft werden. Zeigt ein zuvor mit Nelken\u00f6l und Glas-Pr\u00fcfk\u00f6rper auf 19,6% justiertes Refraktometer mit Oliven\u00f6l einen Wert von 27,0 &#8211; 27,2% oder mit Sonnenblumen\u00f6l 24,8 &#8211; 25,2%, dann ist das Ger\u00e4t in Ordnung.<\/p>\n<p>Besitzen Sie ein Refraktometer, bei dem dies nicht der Fall ist, kann mit Hilfe des herunterladbaren <a href=\"https:\/\/www.imkerverein-freising.de\/wp-content\/uploads\/2017\/06\/Kalibrierung-Refraktometer.xlsx\"><span style=\"color: #ff6600;\">Excel-<\/span><\/a> bzw. <a href=\"https:\/\/www.imkerverein-freising.de\/wp-content\/uploads\/2017\/06\/Kalibrierung-Refraktometer.ods\"><span style=\"color: #ff6600;\">OpenOffice-Sheets<\/span><\/a> eine Kalibriertabelle f\u00fcr das Refraktometer erstellt werden. Nach Eingabe des Ist- und Sollwerts der zweiten Justierfl\u00fcssigkeit in die Tabelle, kann der tats\u00e4chliche Wassergehalt (Echtwert) f\u00fcr den gemessenen Refraktometerwert abgelesen werden.<\/p>\n<p>Wer nicht genau bei 20 Grad Celsius misst, muss \u00fcberpr\u00fcfen, ob die Automatische Temperaturkompensation des Refraktometers richtig funktioniert (siehe hierzu Artikel im Imkerfreund).<\/p>\n","protected":false},"excerpt":{"rendered":"<p>Wie Stefan Menzinger (Imkerfreund 11\/2016, Seite 23 und 12\/2016, Seite 10) zeigen konnte, liefern nicht alle Refraktometer genaue Messwerte. Die Steigung der Refraktometerskala kann mit zwei unterschiedlichen Justierfl\u00fcssigkeiten \u00fcberpr\u00fcft werden. Zeigt ein zuvor mit Nelken\u00f6l und Glas-Pr\u00fcfk\u00f6rper auf 19,6% justiertes &hellip; <a class=\"more-link\" href=\"https:\/\/www.imkerverein-freising.de\/?page_id=823\">Weiterlesen <span class=\"meta-nav\">&rarr;<\/span><\/a><\/p>\n","protected":false},"author":1,"featured_media":0,"parent":558,"menu_order":64,"comment_status":"closed","ping_status":"closed","template":"","meta":{"footnotes":""},"class_list":["post-823","page","type-page","status-publish","hentry"],"jetpack_sharing_enabled":true,"_links":{"self":[{"href":"https:\/\/www.imkerverein-freising.de\/index.php?rest_route=\/wp\/v2\/pages\/823","targetHints":{"allow":["GET"]}}],"collection":[{"href":"https:\/\/www.imkerverein-freising.de\/index.php?rest_route=\/wp\/v2\/pages"}],"about":[{"href":"https:\/\/www.imkerverein-freising.de\/index.php?rest_route=\/wp\/v2\/types\/page"}],"author":[{"embeddable":true,"href":"https:\/\/www.imkerverein-freising.de\/index.php?rest_route=\/wp\/v2\/users\/1"}],"replies":[{"embeddable":true,"href":"https:\/\/www.imkerverein-freising.de\/index.php?rest_route=%2Fwp%2Fv2%2Fcomments&post=823"}],"version-history":[{"count":15,"href":"https:\/\/www.imkerverein-freising.de\/index.php?rest_route=\/wp\/v2\/pages\/823\/revisions"}],"predecessor-version":[{"id":986,"href":"https:\/\/www.imkerverein-freising.de\/index.php?rest_route=\/wp\/v2\/pages\/823\/revisions\/986"}],"up":[{"embeddable":true,"href":"https:\/\/www.imkerverein-freising.de\/index.php?rest_route=\/wp\/v2\/pages\/558"}],"wp:attachment":[{"href":"https:\/\/www.imkerverein-freising.de\/index.php?rest_route=%2Fwp%2Fv2%2Fmedia&parent=823"}],"curies":[{"name":"wp","href":"https:\/\/api.w.org\/{rel}","templated":true}]}}