{"id":57,"date":"2013-01-21T19:23:32","date_gmt":"2013-01-21T18:23:32","guid":{"rendered":"http:\/\/www.relaunch.imkerverein-freising.de\/?page_id=57"},"modified":"2021-03-03T10:47:34","modified_gmt":"2021-03-03T09:47:34","slug":"nutzliche-links","status":"publish","type":"page","link":"https:\/\/www.imkerverein-freising.de\/?page_id=57","title":{"rendered":"n\u00fctzliche Links"},"content":{"rendered":"<p><span style=\"color: #ff6600;\"><a style=\"color: #ff6600;\" href=\"http:\/\/www.frankenhonig.de\/zuchtkalender-eingabe.php\" target=\"_blank\" rel=\"noopener\">Zuchtkalender (Frankenhonig)<\/a><\/span><\/p>\n<p><span style=\"color: #ff6600;\"><a style=\"color: #ff6600;\" href=\"http:\/\/www.imker-bayern.de\/\" target=\"_blank\" rel=\"noopener\">Landesverband Bayerischer Imker (LVBI)<\/a><\/span><\/p>\n<p><span style=\"color: #ff6600;\"><a style=\"color: #ff6600;\" href=\"http:\/\/www.deutscherimkerbund.de\/index.php?start\" target=\"_blank\" rel=\"noopener\">Deutscher Imkerbund (D.I.B.)<\/a><\/span><\/p>\n<address style=\"padding-left: 30px;\"><span style=\"color: #ff6600;\"><a style=\"color: #ff6600;\" href=\"https:\/\/deutscherimkerbund.de\/245-Bestellung_von_Gewaehrverschluessen\" target=\"_blank\" rel=\"noopener\">Bestellung von Gew\u00e4hrverschl\u00fcssen (pdf)<\/a><\/span><\/address>\n<address style=\"padding-left: 30px;\"><span style=\"color: #ff6600;\"><a style=\"color: #ff6600;\" href=\"https:\/\/bayern.imkverw14.de\/\" target=\"_blank\" rel=\"noopener\">Bestellung von Gew\u00e4hrverschl\u00fcssen (online)<\/a><br \/>\n<\/span><\/address>\n<p><span style=\"color: #ff6600;\"><a style=\"color: #ff6600;\" href=\"https:\/\/kv-imker-freising.de\/\" target=\"_blank\" rel=\"noopener\">Kreisverband Imker Freising e.V.<\/a><\/span><\/p>\n<p><span style=\"color: #ff6600;\"><a style=\"color: #ff6600;\" href=\"http:\/\/www.lwg.bayern.de\/bienen\" target=\"_blank\" rel=\"noopener\">Fachzentrum Bienen<\/a><\/span><\/p>\n<p><span style=\"color: #ff6600;\"><a style=\"color: #ff6600;\" href=\"http:\/\/www.bienenundnatur.de\" target=\"_blank\" rel=\"noopener\">Fachzeitschrift Bienen &amp; Natur<\/a><\/span><\/p>\n","protected":false},"excerpt":{"rendered":"<p>Zuchtkalender (Frankenhonig) Landesverband Bayerischer Imker (LVBI) Deutscher Imkerbund (D.I.B.) Bestellung von Gew\u00e4hrverschl\u00fcssen (pdf) Bestellung von Gew\u00e4hrverschl\u00fcssen (online) Kreisverband Imker Freising e.V. Fachzentrum Bienen Fachzeitschrift Bienen &amp; Natur &hellip; <a class=\"more-link\" href=\"https:\/\/www.imkerverein-freising.de\/?page_id=57\">Weiterlesen <span class=\"meta-nav\">&rarr;<\/span><\/a><\/p>\n","protected":false},"author":1,"featured_media":0,"parent":529,"menu_order":43,"comment_status":"closed","ping_status":"closed","template":"","meta":{"footnotes":""},"class_list":["post-57","page","type-page","status-publish","hentry"],"jetpack_sharing_enabled":true,"_links":{"self":[{"href":"https:\/\/www.imkerverein-freising.de\/index.php?rest_route=\/wp\/v2\/pages\/57","targetHints":{"allow":["GET"]}}],"collection":[{"href":"https:\/\/www.imkerverein-freising.de\/index.php?rest_route=\/wp\/v2\/pages"}],"about":[{"href":"https:\/\/www.imkerverein-freising.de\/index.php?rest_route=\/wp\/v2\/types\/page"}],"author":[{"embeddable":true,"href":"https:\/\/www.imkerverein-freising.de\/index.php?rest_route=\/wp\/v2\/users\/1"}],"replies":[{"embeddable":true,"href":"https:\/\/www.imkerverein-freising.de\/index.php?rest_route=%2Fwp%2Fv2%2Fcomments&post=57"}],"version-history":[{"count":12,"href":"https:\/\/www.imkerverein-freising.de\/index.php?rest_route=\/wp\/v2\/pages\/57\/revisions"}],"predecessor-version":[{"id":1098,"href":"https:\/\/www.imkerverein-freising.de\/index.php?rest_route=\/wp\/v2\/pages\/57\/revisions\/1098"}],"up":[{"embeddable":true,"href":"https:\/\/www.imkerverein-freising.de\/index.php?rest_route=\/wp\/v2\/pages\/529"}],"wp:attachment":[{"href":"https:\/\/www.imkerverein-freising.de\/index.php?rest_route=%2Fwp%2Fv2%2Fmedia&parent=57"}],"curies":[{"name":"wp","href":"https:\/\/api.w.org\/{rel}","templated":true}]}}