{"id":563,"date":"2015-04-11T17:09:50","date_gmt":"2015-04-11T15:09:50","guid":{"rendered":"http:\/\/www.imkerverein-freising.de\/?page_id=563"},"modified":"2018-11-22T23:20:23","modified_gmt":"2018-11-22T22:20:23","slug":"imker-global-versicherung-stand-2015","status":"publish","type":"page","link":"https:\/\/www.imkerverein-freising.de\/?page_id=563","title":{"rendered":"Imker-Global-Versicherung"},"content":{"rendered":"<div data-canvas-width=\"99.95665633331015\">Eine \u00dcbersicht zur\u00a0<span style=\"color: #ff9900;\"><a style=\"color: #ff9900;\" href=\"https:\/\/www.imkerverein-freising.de\/wp-content\/uploads\/2015\/04\/Imkerversicherung.pdf\">Imker-Global-Versicherung<\/a><\/span> und freiwilligen Erg\u00e4nzungsversicherung (2015), g\u00fcltig f\u00fcr Mitglieder im Landesverband Bayerischer Imker e.V. k\u00f6nnen Sie <a href=\"https:\/\/www.imkerverein-freising.de\/wp-content\/uploads\/2015\/04\/Imkerversicherung.pdf\"><span style=\"color: #ff9900;\">hier<\/span>\u00a0<\/a>herunterladen.<\/div>\n<div data-canvas-width=\"99.95665633331015\"><span style=\"color: #ffff99;\">.<\/span><\/div>\n<div data-canvas-width=\"99.95665633331015\"><span style=\"color: #ffff99;\">.<\/span><\/div>\n<div data-canvas-width=\"99.95665633331015\"><span style=\"color: #ffff99;\">.<\/span><\/div>\n<div data-canvas-width=\"99.95665633331015\"><span style=\"color: #ffff99;\">.<\/span><\/div>\n<div data-canvas-width=\"99.95665633331015\"><span style=\"color: #ffff99;\">.<\/span><\/div>\n<div data-canvas-width=\"99.95665633331015\"><span style=\"color: #ffff99;\">.<\/span><\/div>\n<div data-canvas-width=\"99.95665633331015\"><span style=\"color: #ffff99;\">.<\/span><\/div>\n<div data-canvas-width=\"99.95665633331015\"><span style=\"color: #ffff99;\">.<\/span><\/div>\n<div data-canvas-width=\"99.95665633331015\"><span style=\"color: #ffff99;\">.<\/span><\/div>\n<div data-canvas-width=\"99.95665633331015\"><span style=\"color: #ffff99;\">.<\/span><\/div>\n<div data-canvas-width=\"99.95665633331015\"><span style=\"color: #ffff99;\">.<\/span><\/div>\n<div data-canvas-width=\"99.95665633331015\"><span style=\"color: #ffff99;\">.<\/span><\/div>\n<div data-canvas-width=\"99.95665633331015\"><span style=\"color: #ffff99;\">.<\/span><\/div>\n<div data-canvas-width=\"99.95665633331015\"><span style=\"color: #ffff99;\">.<\/span><\/div>\n<div data-canvas-width=\"99.95665633331015\"><span style=\"color: #ffff99;\">.<\/span><\/div>\n<div data-canvas-width=\"99.95665633331015\"><span style=\"color: #ffff99;\">.<\/span><\/div>\n<div data-canvas-width=\"99.95665633331015\"><span style=\"color: #ffff99;\">.<\/span><\/div>\n","protected":false},"excerpt":{"rendered":"<p>Eine \u00dcbersicht zur\u00a0Imker-Global-Versicherung und freiwilligen Erg\u00e4nzungsversicherung (2015), g\u00fcltig f\u00fcr Mitglieder im Landesverband Bayerischer Imker e.V. k\u00f6nnen Sie hier\u00a0herunterladen. . . . . . . . . . . . . . . . . . &hellip; <a class=\"more-link\" href=\"https:\/\/www.imkerverein-freising.de\/?page_id=563\">Weiterlesen <span class=\"meta-nav\">&rarr;<\/span><\/a><\/p>\n","protected":false},"author":1,"featured_media":0,"parent":558,"menu_order":63,"comment_status":"closed","ping_status":"closed","template":"","meta":{"footnotes":""},"class_list":["post-563","page","type-page","status-publish","hentry"],"jetpack_sharing_enabled":true,"_links":{"self":[{"href":"https:\/\/www.imkerverein-freising.de\/index.php?rest_route=\/wp\/v2\/pages\/563","targetHints":{"allow":["GET"]}}],"collection":[{"href":"https:\/\/www.imkerverein-freising.de\/index.php?rest_route=\/wp\/v2\/pages"}],"about":[{"href":"https:\/\/www.imkerverein-freising.de\/index.php?rest_route=\/wp\/v2\/types\/page"}],"author":[{"embeddable":true,"href":"https:\/\/www.imkerverein-freising.de\/index.php?rest_route=\/wp\/v2\/users\/1"}],"replies":[{"embeddable":true,"href":"https:\/\/www.imkerverein-freising.de\/index.php?rest_route=%2Fwp%2Fv2%2Fcomments&post=563"}],"version-history":[{"count":8,"href":"https:\/\/www.imkerverein-freising.de\/index.php?rest_route=\/wp\/v2\/pages\/563\/revisions"}],"predecessor-version":[{"id":985,"href":"https:\/\/www.imkerverein-freising.de\/index.php?rest_route=\/wp\/v2\/pages\/563\/revisions\/985"}],"up":[{"embeddable":true,"href":"https:\/\/www.imkerverein-freising.de\/index.php?rest_route=\/wp\/v2\/pages\/558"}],"wp:attachment":[{"href":"https:\/\/www.imkerverein-freising.de\/index.php?rest_route=%2Fwp%2Fv2%2Fmedia&parent=563"}],"curies":[{"name":"wp","href":"https:\/\/api.w.org\/{rel}","templated":true}]}}