{"id":533,"date":"2014-12-12T10:00:09","date_gmt":"2014-12-12T09:00:09","guid":{"rendered":"http:\/\/www.imkerverein-freising.de\/?page_id=533"},"modified":"2017-01-07T22:46:49","modified_gmt":"2017-01-07T21:46:49","slug":"vereinsbuecherei","status":"publish","type":"page","link":"https:\/\/www.imkerverein-freising.de\/?page_id=533","title":{"rendered":"Vereinsb\u00fccherei"},"content":{"rendered":"<p>Folgende B\u00fccher k\u00f6nnen sich Vereinsmitglieder kostenlos ausleihen:<\/p>\n<p><strong><strong>Grundwissen f\u00fcr Imker<\/strong><\/strong><\/p>\n<p><strong>Der Wochenendimker<\/strong><br \/>\nKarl Wei\u00df<\/p>\n<p><strong>Imkern mit dem Magazin<\/strong><br \/>\nKarl Pfefferle<\/p>\n<p><strong>Bienen gesund erhalten<\/strong><br \/>\nDr. Wolfgang Ritter<\/p>\n<p><strong>Hygiene Fiebel<\/strong><br \/>\n(Lebensmittelhygiene)<\/p>\n<p><strong>Gesetzliche Grundlagen zur Imkerei<\/strong><br \/>\n(Bienenseuche, Gesundheitszeugnis,<br \/>\nBestandsbuch, Einfuhr, Wanderung)<\/p>\n<p><strong>Gesetzliche Grundlagen zur Imkerei<\/strong><br \/>\n(Honigverordnung, Lebensmittelrecht,Produkthaftung)<\/p>\n<p><strong>Steuerrecht in der Imkerei<\/strong><br \/>\n(Stand 2012)<\/p>\n","protected":false},"excerpt":{"rendered":"<p>Folgende B\u00fccher k\u00f6nnen sich Vereinsmitglieder kostenlos ausleihen: Grundwissen f\u00fcr Imker Der Wochenendimker Karl Wei\u00df Imkern mit dem Magazin Karl Pfefferle Bienen gesund erhalten Dr. Wolfgang Ritter Hygiene Fiebel (Lebensmittelhygiene) Gesetzliche Grundlagen zur Imkerei (Bienenseuche, Gesundheitszeugnis, Bestandsbuch, Einfuhr, Wanderung) Gesetzliche Grundlagen &hellip; <a class=\"more-link\" href=\"https:\/\/www.imkerverein-freising.de\/?page_id=533\">Weiterlesen <span class=\"meta-nav\">&rarr;<\/span><\/a><\/p>\n","protected":false},"author":1,"featured_media":0,"parent":529,"menu_order":41,"comment_status":"closed","ping_status":"closed","template":"","meta":{"footnotes":""},"class_list":["post-533","page","type-page","status-publish","hentry"],"jetpack_sharing_enabled":true,"_links":{"self":[{"href":"https:\/\/www.imkerverein-freising.de\/index.php?rest_route=\/wp\/v2\/pages\/533","targetHints":{"allow":["GET"]}}],"collection":[{"href":"https:\/\/www.imkerverein-freising.de\/index.php?rest_route=\/wp\/v2\/pages"}],"about":[{"href":"https:\/\/www.imkerverein-freising.de\/index.php?rest_route=\/wp\/v2\/types\/page"}],"author":[{"embeddable":true,"href":"https:\/\/www.imkerverein-freising.de\/index.php?rest_route=\/wp\/v2\/users\/1"}],"replies":[{"embeddable":true,"href":"https:\/\/www.imkerverein-freising.de\/index.php?rest_route=%2Fwp%2Fv2%2Fcomments&post=533"}],"version-history":[{"count":3,"href":"https:\/\/www.imkerverein-freising.de\/index.php?rest_route=\/wp\/v2\/pages\/533\/revisions"}],"predecessor-version":[{"id":536,"href":"https:\/\/www.imkerverein-freising.de\/index.php?rest_route=\/wp\/v2\/pages\/533\/revisions\/536"}],"up":[{"embeddable":true,"href":"https:\/\/www.imkerverein-freising.de\/index.php?rest_route=\/wp\/v2\/pages\/529"}],"wp:attachment":[{"href":"https:\/\/www.imkerverein-freising.de\/index.php?rest_route=%2Fwp%2Fv2%2Fmedia&parent=533"}],"curies":[{"name":"wp","href":"https:\/\/api.w.org\/{rel}","templated":true}]}}