{"id":44,"date":"2013-01-21T19:06:24","date_gmt":"2013-01-21T18:06:24","guid":{"rendered":"http:\/\/www.relaunch.imkerverein-freising.de\/?page_id=44"},"modified":"2024-10-07T12:51:53","modified_gmt":"2024-10-07T10:51:53","slug":"kontakt","status":"publish","type":"page","link":"https:\/\/www.imkerverein-freising.de\/?page_id=44","title":{"rendered":"Kontakt"},"content":{"rendered":"<address style=\"text-align: center;\"><a href=\"https:\/\/www.imkerverein-freising.de\/wp-content\/uploads\/2013\/01\/Logo_Imkerverein-FS-neu.png\"><img loading=\"lazy\" decoding=\"async\" class=\"alignnone  wp-image-453\" src=\"https:\/\/www.imkerverein-freising.de\/wp-content\/uploads\/2013\/01\/Logo_Imkerverein-FS-neu.png\" alt=\"\" width=\"137\" height=\"127\" \/><\/a><\/address>\n<address style=\"text-align: center;\">Ignaz-G\u00fcnther-Str. 5, Freising-Neustift<br \/>\nVereinsregister M\u00fcnchen: VR 120121 M\u00fcnchen<\/address>\n<h2 style=\"text-align: center;\"><span style=\"text-decoration: underline;\"><strong>Vorstandschaft<\/strong><\/span><\/h2>\n<p style=\"text-align: center;\"><strong>1. Vorsitzender:<\/strong><\/p>\n<address style=\"text-align: center;\">Viktoria Schmidt<br \/>\nWeinmillerstr. 11<br \/>\n85356 Freising<br \/>\n0156\/79176567<\/address>\n<address style=\"text-align: center;\"><span style=\"color: #ff6600;\"><a style=\"color: #ff6600;\" href=\"mailto: info@imkerverein-freising.de\">Mail<\/a><\/span><\/address>\n<p style=\"text-align: center;\">\u00a0<strong>2. Vorsitzender:<\/strong><\/p>\n<address style=\"text-align: center;\">Dr. Melanie Wild<br \/>\nAlte Poststr. 87b<br \/>\n85356 Freising<br \/>\n(08161)204491<\/address>\n<p style=\"text-align: center;\">\u00a0<strong>Schriftf\u00fchrerin:<\/strong><\/p>\n<address style=\"text-align: center;\">Ursula Wadenstorfer<br \/>\nMeisenstr. 2<br \/>\n85416 Langenbach<br \/>\n(08761)4668<\/address>\n<p style=\"text-align: center;\">\u00a0<strong>Kassenwart:<\/strong><\/p>\n<address style=\"text-align: center;\">Harald Wucherer<br \/>\nGanzenm\u00fcllerstr. 2<br \/>\n85354 Freising<br \/>\n(08161)41107<\/address>\n<p style=\"text-align: center;\">\u00a0<strong>Beisitzer:<\/strong><\/p>\n<address style=\"text-align: center;\">Manfred Bortenschlager<br \/>\nSebastian Haslbeck<br \/>\nDr. Ulrike Schweinzer<br \/>\nAndreas Stuber<br \/>\nPeter Triebel<\/address>\n<address style=\"text-align: center;\">\u00a0<\/address>\n","protected":false},"excerpt":{"rendered":"<p>Ignaz-G\u00fcnther-Str. 5, Freising-Neustift Vereinsregister M\u00fcnchen: VR 120121 M\u00fcnchen Vorstandschaft 1. Vorsitzender: Viktoria Schmidt Weinmillerstr. 11 85356 Freising 0156\/79176567 Mail \u00a02. Vorsitzender: Dr. Melanie Wild Alte Poststr. 87b 85356 Freising (08161)204491 \u00a0Schriftf\u00fchrerin: Ursula Wadenstorfer Meisenstr. 2 85416 Langenbach (08761)4668 \u00a0Kassenwart: Harald &hellip; <a class=\"more-link\" href=\"https:\/\/www.imkerverein-freising.de\/?page_id=44\">Weiterlesen <span class=\"meta-nav\">&rarr;<\/span><\/a><\/p>\n","protected":false},"author":1,"featured_media":0,"parent":0,"menu_order":70,"comment_status":"closed","ping_status":"closed","template":"","meta":{"footnotes":""},"class_list":["post-44","page","type-page","status-publish","hentry"],"jetpack_sharing_enabled":true,"_links":{"self":[{"href":"https:\/\/www.imkerverein-freising.de\/index.php?rest_route=\/wp\/v2\/pages\/44","targetHints":{"allow":["GET"]}}],"collection":[{"href":"https:\/\/www.imkerverein-freising.de\/index.php?rest_route=\/wp\/v2\/pages"}],"about":[{"href":"https:\/\/www.imkerverein-freising.de\/index.php?rest_route=\/wp\/v2\/types\/page"}],"author":[{"embeddable":true,"href":"https:\/\/www.imkerverein-freising.de\/index.php?rest_route=\/wp\/v2\/users\/1"}],"replies":[{"embeddable":true,"href":"https:\/\/www.imkerverein-freising.de\/index.php?rest_route=%2Fwp%2Fv2%2Fcomments&post=44"}],"version-history":[{"count":27,"href":"https:\/\/www.imkerverein-freising.de\/index.php?rest_route=\/wp\/v2\/pages\/44\/revisions"}],"predecessor-version":[{"id":1222,"href":"https:\/\/www.imkerverein-freising.de\/index.php?rest_route=\/wp\/v2\/pages\/44\/revisions\/1222"}],"wp:attachment":[{"href":"https:\/\/www.imkerverein-freising.de\/index.php?rest_route=%2Fwp%2Fv2%2Fmedia&parent=44"}],"curies":[{"name":"wp","href":"https:\/\/api.w.org\/{rel}","templated":true}]}}