{"id":130,"date":"2013-01-24T19:35:35","date_gmt":"2013-01-24T18:35:35","guid":{"rendered":"http:\/\/www.relaunch.imkerverein-freising.de\/?page_id=130"},"modified":"2025-02-14T21:56:30","modified_gmt":"2025-02-14T20:56:30","slug":"jungimkerausbildung","status":"publish","type":"page","link":"https:\/\/www.imkerverein-freising.de\/?page_id=130","title":{"rendered":"Jungimkerausbildung"},"content":{"rendered":"<p>Informationen rund um den Anf\u00e4ngerkurs 2025 erteilt der <a style=\"color: #ff6600;\" href=\"https:\/\/www.kv-imker-freising.de\/\" target=\"_blank\" rel=\"noopener\">Kreisverband Imker Freising e. V.<\/a>. Dort k\u00f6nnen Sie sich auch f\u00fcr den Kurs anmelden.<\/p>\n<p><!-- <strong>Termine f\u00fcr den Anf\u00e4ngerkurs 2018<\/strong>\n\nDer Kurs startet in diesem Jahr zun\u00e4chst mit 3 \"Theorieabenden\" im Gasthof Maisberger in Neufahrn jeweils um 19.30 Uhr. Daran schlie\u00dfen sich 5 Termine an unserem Lehrbienenstand im Freisinger Moos an, an denen sowohl die theoretischen Grundlagen als auch die praktischen Arbeiten am Volk nicht zu kurz kommen.\n\n\n<table style=\"width: 100%;\">\n\n\n<tbody>\n\n\n<tr>\n\n\n<th width=\"15%\"><strong>Tag und Uhrzeit<\/strong><\/th>\n\n\n\n\n<th width=\"18%\"><strong>Ort<\/strong><\/th>\n\n\n\n\n<th width=\"33%\"><strong>Theoretischer Teil<\/strong><\/th>\n\n\n\n\n<th width=\"33%\"><strong>Praktischer Teil<\/strong><\/th>\n\n\n<\/tr>\n\n\n\n\n<tr>\n\n\n<td width=\"15%\">Freitag, 13.04.\n19.30 - 22.00<\/td>\n\n\n\n\n<td width=\"18%\">Gasthof Maisberger\nin Neufahrn<\/td>\n\n\n\n\n<td width=\"33%\">Grundlagen in der Imkerei, F\u00f6rderungen<\/td>\n\n\n\n\n<td width=\"33%\">-<\/td>\n\n\n<\/tr>\n\n\n\n\n<tr>\n\n\n<td>Freitag, 27.04.\n19.30 - 22.00<\/td>\n\n\n\n\n<td>Gasthof Maisberger\nin Neufahrn<\/td>\n\n\n\n\n<td>Notwendige Ausr\u00fcstung, Beutentypen<\/td>\n\n\n\n\n<td>-<\/td>\n\n\n<\/tr>\n\n\n\n\n<tr>\n\n\n<td>Freitag, 04.05.\n19.30 - 22.00<\/td>\n\n\n\n\n<td>Gasthof Maisberger\nin Neufahrn<\/td>\n\n\n\n\n<td>Biologie, Entwicklung und Verhalten der Biene<\/td>\n\n\n\n\n<td>-<\/td>\n\n\n<\/tr>\n\n\n\n\n<tr>\n\n\n<td>Samstag, 12.05.\n14.00 - 17.30<\/td>\n\n\n\n\n<td>Lehrbienenstand Freisinger Moos<\/td>\n\n\n\n\n<td>Ablegerbildung, Schwarmverhinderung<\/td>\n\n\n\n\n<td>Erster Kontakt zu den Bienen<\/td>\n\n\n<\/tr>\n\n\n\n\n<tr>\n\n\n<td>Samstag, 02.06.\n14.00 - 17.30<\/td>\n\n\n\n\n<td>Lehrbienenstand Freisinger Moos<\/td>\n\n\n\n\n<td>Bienenkrankheiten, Varroa<\/td>\n\n\n\n\n<td>Schwarmverhinderung und Ablegerbildung<\/td>\n\n\n<\/tr>\n\n\n\n\n<tr>\n\n\n<td>Samstag, 16.06.\n14.00 - 17.30<\/td>\n\n\n\n\n<td>Lehrbienenstand Freisinger Moos<\/td>\n\n\n\n\n<td>Einwintern, F\u00fcttern<\/td>\n\n\n\n\n<td>Wabenentnahme; Schleudern, Sieben und Abf\u00fcllen des Honig<\/td>\n\n\n<\/tr>\n\n\n\n\n<tr>\n\n\n<td>Samstag, 30.06.\n14.00 - 17.30<\/td>\n\n\n\n\n<td>Lehrbienenstand Freisinger Moos<\/td>\n\n\n\n\n<td>\u00dcberblick \u00fcbers Bienenjahr \u2013 ein Arbeitskalender<\/td>\n\n\n\n\n<td>Varroabehandlung<\/td>\n\n\n<\/tr>\n\n\n\n\n<tr>\n\n\n<td>Samstag, 14.07.\n14.00 - 17.30<\/td>\n\n\n\n\n<td>Lehrbienenstand Freisinger Moos<\/td>\n\n\n\n\n<td>Abschlussbetrachtungen, Fragen, Urkunden\u00fcberreichung<\/td>\n\n\n\n\n<td>Abschlussbetrachtungen, Fragen, Urkunden\u00fcberreichung<\/td>\n\n\n<\/tr>\n\n\n<\/tbody>\n\n\n<\/table>\n\n\nF\u00fcr den ersten Kurstag bitten wir folgendes zu beachten:\nDie Kursgeb\u00fchr in H\u00f6he von 90,- Euro (Kinder und Jugendliche unter 18: 45,-) muss bis <strong>sp\u00e4testens 29.03.2018<\/strong> auf folgendes Konto bei der Sparkasse Freising \u00fcberwiesen werden:\n\nIBAN: DE22 7005 1003 0000 3093 77\nBetreff: Anf\u00e4ngerkurs Imkerei\n\nBitte habt Verst\u00e4ndnis daf\u00fcr, dass wir bei nicht rechtzeitiger \u00dcberweisung den Kursplatz an einen Nachr\u00fccker weitergeben.\n\nAlle diejenigen, die im Anschluss einem Verein des LVBI Kreisverbandes Freising (Allershausen, Enzelshausen, Freising, Massenhausen oder Moosburg) beitreten, bekommen von der Kursgeb\u00fchr 30,- Euro (bzw. 15,- bei Kinder und Jugendlichen unter 18) r\u00fcckerstattet. In der Kursgeb\u00fchr ist ebenfalls ein Skript mit allen Inhalten zum Kurs enthalten, welches ihr am jeweiligen Kurstag ausgeh\u00e4ndigt bekommt.\n\n<strong>Verlauf der Ausbildung<\/strong>\n\nSeit 2006 bilden wir unsere Neuimker, wie alle f\u00fcnf Ortsvereine des Kreisverbandes, zentral im Lehrbienenstand des Kreisverbandes Freising aus. Bei diesem Kurs sollen f\u00fcr alle, die bereits imkern oder die demn\u00e4chst mit dem Imkern beginnen wollen, Grundlagen vermittelt werden, die man ben\u00f6tigt, um dieses sch\u00f6ne Hobby erfolgreich durchzuf\u00fchren. Der Kurs findet \u00fcber die komplette Bienensaison jeweils am Samstag im 14-t\u00e4gigen Rhythmus statt. Im theoretischen Teil werden die Grundkenntnisse vermittelt, die im praktischen Teil auch gleich an den Bienen erprobt werden k\u00f6nnen.\n\nSo lernen die angehenden Imker Hintergrundwissen \u00fcber die Biologie der Biene und die Entwicklungszyklen von Arbeiterinnen, Drohnen und K\u00f6nigin. Die Entstehung und Zusammensetzung des Honigs ist genauso Thema, wie der Umgang mit und die Anwendung verschiedener Behandlungsmittel gegen die Varroamilbe. Im Herbst muss der Imker wissen, mit welchen Futtermitteln und wie er seine Bienen f\u00fcttert, so dass sie die lange Winterzeit gut und sicher \u00fcberstehen und im Fr\u00fchling nach der Auswinterung kr\u00e4ftig in das neue Bienenjahr starten k\u00f6nnen. Nicht zuletzt geh\u00f6rt auch Ger\u00e4tekunde dazu, so dass man die Werkzeuge kennt, die man anschaffen muss, um erfolgreich zu imkern. Auch eine kleine Rechtskunde ist Bestandteil des Kurses, so dass jeder wei\u00df, was es f\u00fcr ihn und seine Bienen zu beachten gibt. Und nicht zuletzt k\u00f6nnen Schleckerm\u00e4uler eine kleine Honigverkostung durchf\u00fchren, um die verschiedenen Farben und Geschmacksrichtungen der Sortenhonige kennenzulernen.\n\nIm Praxisteil werden \u00fcber den Kurszeitraum alle notwendigen Arbeiten, die \u00fcber den Sommer anfallen, gezeigt und von den Kursteilnehmern selbst ge\u00fcbt. So m\u00fcssen z.B. Schwarmkontrollen durchgef\u00fchrt, Ableger gebildet oder Varroabehandlungen durchgef\u00fchrt werden. F\u00fcr die ganz engagierten wird auch ein kurzer Einblick in die K\u00f6niginnenzucht gegeben. Auch die Ausr\u00fcstung f\u00fcr den Imker wird ausf\u00fchrlich besprochen und gezeigt: welche Beutentypen und welche R\u00e4hmchenma\u00dfe gibt es? Was ist f\u00fcr jeden individuell die geeignete Ausstattung?. Und das Wichtigste: die Ernte des Honigs, die Entnahme der fertigen Honigwaben und das Schleudern werden auch ausf\u00fchrlich demonstriert. Nach der Einf\u00fctterung und Einwinterung der V\u00f6lker ist das Bienenjahr beendet und die Teilnehmer erhalten eine Urkunde \u00fcber die Teilnahme an diesem ausf\u00fchrlichen Einf\u00fchrungskurs.\n\nNach dem Kurs haben die Neuimker die M\u00f6glichkeit an der Aktion \"Imkern auf Probe\" teilzunehmen, bei der ihnen ein Imkerpate \u00fcber ein oder zwei Jahre zur Seite steht und sie mit diesem zusammen ein eigenes Bienenvolk pflegen, um die Praxis der Bienenhaltung langsam zu verfeinern.\n\nWeitere Informationen erhalten Sie \u00fcber den <a style=\"color: #ff6600;\" href=\"http:\/\/www.imker-freising.lvbi.de\" target=\"_blank\" rel=\"noopener\">Kreisverband Imker Freising e. V.<\/a>. Dort k\u00f6nnen Sie sich auch f\u00fcr den Kurs anmelden.\n\n<!-- <strong>Anmeldung<\/strong> --><\/p>\n<p><!-- Der Anf\u00e4ngerkurs 2018 ist leider schon ausgebucht. Sie k\u00f6nnen sich jedoch in eine Warteliste eintragen lassen, <span style=\"color: #ff6600;\"><a style=\"color: #ff6600;\" href=\"mailto:vorstand1@imkerverein-freising.de?Subject=Anmeldung%20zum%20Anf\u00e4ngerkurs&Body=Bitte%20geben%20Sie%20bei%20der%20Anmeldung%20Ihren%20Namen,%20Ihre%20Adresse,%20Telefonnummer%20und%20E-Mail-Adresse%20an.\">per E-Mail<\/a><\/span> oder telefonisch unter der Rufnummer 08168\/963429 beim 1. Vorstand, <a style=\"color: #ff6600;\" title=\"Kontakt\" href=\"https:\/\/www.imkerverein-freising.de\/?page_id=44\">Herrn Andreas Stuber<\/a><\/span>. Bitte geben Sie bei Ihrer Anmeldung unbedingt <strong>Name<\/strong>, <strong>Adresse mit Telefonnummer<\/strong> und <strong>E-Mail<\/strong> an. Wenn Sie noch Fragen haben, rufen Sie mich bitte unter obiger Nummer an. --><\/p>\n","protected":false},"excerpt":{"rendered":"<p>Informationen rund um den Anf\u00e4ngerkurs 2025 erteilt der Kreisverband Imker Freising e. V.. Dort k\u00f6nnen Sie sich auch f\u00fcr den Kurs anmelden. &hellip; <a class=\"more-link\" href=\"https:\/\/www.imkerverein-freising.de\/?page_id=130\">Weiterlesen <span class=\"meta-nav\">&rarr;<\/span><\/a><\/p>\n","protected":false},"author":1,"featured_media":0,"parent":232,"menu_order":12,"comment_status":"closed","ping_status":"closed","template":"","meta":{"footnotes":""},"class_list":["post-130","page","type-page","status-publish","hentry"],"jetpack_sharing_enabled":true,"_links":{"self":[{"href":"https:\/\/www.imkerverein-freising.de\/index.php?rest_route=\/wp\/v2\/pages\/130","targetHints":{"allow":["GET"]}}],"collection":[{"href":"https:\/\/www.imkerverein-freising.de\/index.php?rest_route=\/wp\/v2\/pages"}],"about":[{"href":"https:\/\/www.imkerverein-freising.de\/index.php?rest_route=\/wp\/v2\/types\/page"}],"author":[{"embeddable":true,"href":"https:\/\/www.imkerverein-freising.de\/index.php?rest_route=\/wp\/v2\/users\/1"}],"replies":[{"embeddable":true,"href":"https:\/\/www.imkerverein-freising.de\/index.php?rest_route=%2Fwp%2Fv2%2Fcomments&post=130"}],"version-history":[{"count":74,"href":"https:\/\/www.imkerverein-freising.de\/index.php?rest_route=\/wp\/v2\/pages\/130\/revisions"}],"predecessor-version":[{"id":1230,"href":"https:\/\/www.imkerverein-freising.de\/index.php?rest_route=\/wp\/v2\/pages\/130\/revisions\/1230"}],"up":[{"embeddable":true,"href":"https:\/\/www.imkerverein-freising.de\/index.php?rest_route=\/wp\/v2\/pages\/232"}],"wp:attachment":[{"href":"https:\/\/www.imkerverein-freising.de\/index.php?rest_route=%2Fwp%2Fv2%2Fmedia&parent=130"}],"curies":[{"name":"wp","href":"https:\/\/api.w.org\/{rel}","templated":true}]}}