{"id":109,"date":"2013-01-24T19:09:59","date_gmt":"2013-01-24T18:09:59","guid":{"rendered":"http:\/\/www.relaunch.imkerverein-freising.de\/?page_id=109"},"modified":"2026-01-26T14:41:53","modified_gmt":"2026-01-26T13:41:53","slug":"wichtige-termine","status":"publish","type":"page","link":"https:\/\/www.imkerverein-freising.de\/?page_id=109","title":{"rendered":"wichtige Termine 2026"},"content":{"rendered":"<p><!-- \n\n\n\n\n\n<h4><strong>Samstag, 15. April<br \/><\/strong><\/h4>\n\n\n\n\n\n\n\n\n\n\n\n\n<p><em>Abgabeschluss der Bestellliste f\u00fcr Varroabehandlungsmittel<br \/><\/em><\/p>\n\n\n\n\n\n --><\/p>\n<h4>\u00a0<\/h4>\n<h4>Samstag, 10. April<\/h4>\n<p><em>Abgabeschluss der Bestellliste f\u00fcr Varroabehandlungsmittel<\/em><\/p>\n<h4>Freitag, 3. Juli und Sonntag, 12.Juli<\/h4>\n<p><em>Ausgabe der Varroabek\u00e4mpfungsmittel am Vereinsbienenhaus<\/em><\/p>\n<h4>Sonntag, 12. Juli<\/h4>\n<p><em><strong>Grillfest<\/strong> f\u00fcr die Vereinsmitglieder mit Familie und Freunden am Vereinsbienenhaus.<\/em><\/p>\n\n\n<p><\/p>\n","protected":false},"excerpt":{"rendered":"<p>\u00a0 Samstag, 10. April Abgabeschluss der Bestellliste f\u00fcr Varroabehandlungsmittel Freitag, 3. Juli und Sonntag, 12.Juli Ausgabe der Varroabek\u00e4mpfungsmittel am Vereinsbienenhaus Sonntag, 12. Juli Grillfest f\u00fcr die Vereinsmitglieder mit Familie und Freunden am Vereinsbienenhaus. &hellip; <a class=\"more-link\" href=\"https:\/\/www.imkerverein-freising.de\/?page_id=109\">Weiterlesen <span class=\"meta-nav\">&rarr;<\/span><\/a><\/p>\n","protected":false},"author":1,"featured_media":0,"parent":31,"menu_order":23,"comment_status":"closed","ping_status":"closed","template":"","meta":{"footnotes":""},"class_list":["post-109","page","type-page","status-publish","hentry"],"jetpack_sharing_enabled":true,"_links":{"self":[{"href":"https:\/\/www.imkerverein-freising.de\/index.php?rest_route=\/wp\/v2\/pages\/109","targetHints":{"allow":["GET"]}}],"collection":[{"href":"https:\/\/www.imkerverein-freising.de\/index.php?rest_route=\/wp\/v2\/pages"}],"about":[{"href":"https:\/\/www.imkerverein-freising.de\/index.php?rest_route=\/wp\/v2\/types\/page"}],"author":[{"embeddable":true,"href":"https:\/\/www.imkerverein-freising.de\/index.php?rest_route=\/wp\/v2\/users\/1"}],"replies":[{"embeddable":true,"href":"https:\/\/www.imkerverein-freising.de\/index.php?rest_route=%2Fwp%2Fv2%2Fcomments&post=109"}],"version-history":[{"count":36,"href":"https:\/\/www.imkerverein-freising.de\/index.php?rest_route=\/wp\/v2\/pages\/109\/revisions"}],"predecessor-version":[{"id":1240,"href":"https:\/\/www.imkerverein-freising.de\/index.php?rest_route=\/wp\/v2\/pages\/109\/revisions\/1240"}],"up":[{"embeddable":true,"href":"https:\/\/www.imkerverein-freising.de\/index.php?rest_route=\/wp\/v2\/pages\/31"}],"wp:attachment":[{"href":"https:\/\/www.imkerverein-freising.de\/index.php?rest_route=%2Fwp%2Fv2%2Fmedia&parent=109"}],"curies":[{"name":"wp","href":"https:\/\/api.w.org\/{rel}","templated":true}]}}